{"id":2,"date":"2020-09-16T14:19:50","date_gmt":"2020-09-16T14:19:50","guid":{"rendered":"https:\/\/box2359\/cgi\/addon_GT.cgi?s=GT::WP::Install::EIG+%28bluespi4%29+-+10.0.87.40+%5BWordPress%3b+\/var\/hp\/common\/lib\/WordPress.pm%3b+292%3b+Hosting::gap_call%5D\/?page_id=2"},"modified":"2022-06-01T17:22:41","modified_gmt":"2022-06-01T17:22:41","slug":"sample-page","status":"publish","type":"page","link":"https:\/\/coribartra.com\/afrojazz\/","title":{"rendered":"INICIO"},"content":{"rendered":"\n<hr class=\"wp-block-separator has-css-opacity\"\/>\n\n\n\n<h2 class=\"has-text-align-center wp-block-heading\">For Booking, please contact Corina Bartra (<a href=\"mailto:coribart@gmail.com\">coribart@gmail.com<\/a>)<\/h2>\n\n\n\n<p class=\"has-text-align-center\">Corina Bartra is a sophisticated jazz and contemporary world singer from Peru. -Yes, Peru. In the last 100 years jazz has spread to every section of the globe, bringing forth fine Latin jazz musicians from New York, Cuba and Brazil<\/p>\n\n\n\n<hr class=\"wp-block-separator has-css-opacity\"\/>\n\n\n\n<h2 class=\"has-text-align-center wp-block-heading\">Latest Concerts<\/h2>\n\n\n\n<div class=\"wp-block-group\"><div class=\"wp-block-group__inner-container is-layout-flow wp-block-group-is-layout-flow\">\n<div class=\"wp-block-group\"><div class=\"wp-block-group__inner-container is-layout-flow wp-block-group-is-layout-flow\">\n<div class=\"wp-block-buttons is-content-justification-center is-layout-flex wp-container-core-buttons-is-layout-16018d1d wp-block-buttons-is-layout-flex\">\n<div class=\"wp-block-button\"><a class=\"wp-block-button__link\" href=\"calendar\">see full calendar<\/a><\/div>\n<\/div>\n<\/div><\/div>\n<\/div><\/div>\n\n\n\n<figure class=\"wp-block-gallery has-nested-images columns-5 is-cropped wp-block-gallery-1 is-layout-flex wp-block-gallery-is-layout-flex\">\n<figure class=\"wp-block-image size-large\"><img loading=\"lazy\" decoding=\"async\" width=\"653\" height=\"960\" data-id=\"21\" src=\"https:\/\/coribartra.com\/afrojazz\/wp-content\/uploads\/2020\/09\/dedalo-flyer.jpg\" alt=\"\" class=\"wp-image-21\" srcset=\"https:\/\/coribartra.com\/afrojazz\/wp-content\/uploads\/2020\/09\/dedalo-flyer.jpg 653w, https:\/\/coribartra.com\/afrojazz\/wp-content\/uploads\/2020\/09\/dedalo-flyer-204x300.jpg 204w\" sizes=\"auto, (max-width: 653px) 100vw, 653px\" \/><\/figure>\n\n\n\n<figure class=\"wp-block-image size-large\"><img loading=\"lazy\" decoding=\"async\" width=\"681\" height=\"960\" data-id=\"22\" src=\"https:\/\/coribartra.com\/afrojazz\/wp-content\/uploads\/2020\/09\/lunatico-flyer.jpeg\" alt=\"\" class=\"wp-image-22\" srcset=\"https:\/\/coribartra.com\/afrojazz\/wp-content\/uploads\/2020\/09\/lunatico-flyer.jpeg 681w, https:\/\/coribartra.com\/afrojazz\/wp-content\/uploads\/2020\/09\/lunatico-flyer-213x300.jpeg 213w\" sizes=\"auto, (max-width: 681px) 100vw, 681px\" \/><\/figure>\n\n\n\n<figure class=\"wp-block-image size-large\"><img loading=\"lazy\" decoding=\"async\" width=\"747\" height=\"960\" data-id=\"23\" src=\"https:\/\/coribartra.com\/afrojazz\/wp-content\/uploads\/2020\/09\/olivar-flyer.jpg\" alt=\"\" class=\"wp-image-23\" srcset=\"https:\/\/coribartra.com\/afrojazz\/wp-content\/uploads\/2020\/09\/olivar-flyer.jpg 747w, https:\/\/coribartra.com\/afrojazz\/wp-content\/uploads\/2020\/09\/olivar-flyer-233x300.jpg 233w\" sizes=\"auto, (max-width: 747px) 100vw, 747px\" \/><\/figure>\n\n\n\n<figure class=\"wp-block-image size-large\"><img loading=\"lazy\" decoding=\"async\" width=\"681\" height=\"960\" data-id=\"24\" src=\"https:\/\/coribartra.com\/afrojazz\/wp-content\/uploads\/2020\/09\/schupke-1.jpg\" alt=\"\" class=\"wp-image-24\" srcset=\"https:\/\/coribartra.com\/afrojazz\/wp-content\/uploads\/2020\/09\/schupke-1.jpg 681w, https:\/\/coribartra.com\/afrojazz\/wp-content\/uploads\/2020\/09\/schupke-1-213x300.jpg 213w\" sizes=\"auto, (max-width: 681px) 100vw, 681px\" \/><\/figure>\n\n\n\n<figure class=\"wp-block-image size-large\"><img loading=\"lazy\" decoding=\"async\" width=\"681\" height=\"960\" data-id=\"25\" src=\"https:\/\/coribartra.com\/afrojazz\/wp-content\/uploads\/2020\/09\/thalia.jpg\" alt=\"\" class=\"wp-image-25\" srcset=\"https:\/\/coribartra.com\/afrojazz\/wp-content\/uploads\/2020\/09\/thalia.jpg 681w, https:\/\/coribartra.com\/afrojazz\/wp-content\/uploads\/2020\/09\/thalia-213x300.jpg 213w\" sizes=\"auto, (max-width: 681px) 100vw, 681px\" \/><\/figure>\n<\/figure>\n\n\n\n<hr class=\"wp-block-separator has-css-opacity\"\/>\n\n\n\n<h2 class=\"has-text-align-center wp-block-heading\">Music &amp; CD&#8217;s Available<\/h2>\n\n\n\n<div class=\"wp-block-buttons is-content-justification-center is-layout-flex wp-container-core-buttons-is-layout-16018d1d wp-block-buttons-is-layout-flex\">\n<div class=\"wp-block-button\"><a class=\"wp-block-button__link\" href=\"discography\">see the complete discography<\/a><\/div>\n<\/div>\n\n\n\n<div class=\"wp-block-columns has-2-columns is-layout-flex wp-container-core-columns-is-layout-9d6595d7 wp-block-columns-is-layout-flex\">\n<div class=\"wp-block-column is-layout-flow wp-block-column-is-layout-flow\"><div class=\"wp-block-image\">\n<figure class=\"aligncenter size-full\"><img loading=\"lazy\" decoding=\"async\" width=\"400\" height=\"400\" src=\"https:\/\/coribartra.com\/afrojazz\/wp-content\/uploads\/2022\/06\/cover-takunde-album.jpg\" alt=\"\" class=\"wp-image-243\" srcset=\"https:\/\/coribartra.com\/afrojazz\/wp-content\/uploads\/2022\/06\/cover-takunde-album.jpg 400w, https:\/\/coribartra.com\/afrojazz\/wp-content\/uploads\/2022\/06\/cover-takunde-album-300x300.jpg 300w, https:\/\/coribartra.com\/afrojazz\/wp-content\/uploads\/2022\/06\/cover-takunde-album-150x150.jpg 150w\" sizes=\"auto, (max-width: 400px) 100vw, 400px\" \/><figcaption>Takund\u00e9 &#8211; 2017<\/figcaption><\/figure>\n<\/div><\/div>\n\n\n\n<div class=\"wp-block-column is-vertically-aligned-center is-layout-flow wp-block-column-is-layout-flow\">\n<figure class=\"wp-block-audio\"><audio controls src=\"https:\/\/coribartra.com\/afrojazz\/wp-content\/uploads\/2020\/09\/EcstasyGreen.mp3\"><\/audio><figcaption>Muestra de &#8220;Ecstasy Green&#8221;<\/figcaption><\/figure>\n\n\n\n<figure class=\"wp-block-audio\"><audio controls src=\"https:\/\/coribartra.com\/afrojazz\/wp-content\/uploads\/2020\/09\/BlackNarcissus.mp3\"><\/audio><figcaption>Muestra de &#8220;Black Narcissus&#8221; (TAKUNDE)<\/figcaption><\/figure>\n\n\n\n<figure class=\"wp-block-audio\"><audio controls src=\"https:\/\/coribartra.com\/afrojazz\/wp-content\/uploads\/2020\/09\/ElGuaranguito.mp3\"><\/audio><figcaption>Muestra de &#8220;El Guaranguito&#8221; (TAKUNDE)<\/figcaption><\/figure>\n<\/div>\n<\/div>\n\n\n\n<hr class=\"wp-block-separator has-css-opacity\"\/>\n\n\n\n<h2 class=\"has-text-align-center wp-block-heading\">Video Excerpts<\/h2>\n\n\n\n<div class=\"wp-block-buttons is-content-justification-center is-layout-flex wp-container-core-buttons-is-layout-16018d1d wp-block-buttons-is-layout-flex\">\n<div class=\"wp-block-button\"><a class=\"wp-block-button__link\" href=\"videos\">watch more videos<\/a><\/div>\n<\/div>\n\n\n\n<div class=\"wp-block-columns has-2-columns is-layout-flex wp-container-core-columns-is-layout-9d6595d7 wp-block-columns-is-layout-flex\">\n<div class=\"wp-block-column is-layout-flow wp-block-column-is-layout-flow\">\n<figure class=\"wp-block-embed aligncenter is-type-video is-provider-youtube wp-block-embed-youtube wp-embed-aspect-16-9 wp-has-aspect-ratio\"><div class=\"wp-block-embed__wrapper\">\n<iframe loading=\"lazy\" title=\"kennedy center\" width=\"750\" height=\"422\" src=\"https:\/\/www.youtube.com\/embed\/aE1Gapnbs2E?feature=oembed\" frameborder=\"0\" allow=\"accelerometer; autoplay; clipboard-write; encrypted-media; gyroscope; picture-in-picture\" allowfullscreen><\/iframe>\n<\/div><figcaption>Kennedy Center<\/figcaption><\/figure>\n<\/div>\n\n\n\n<div class=\"wp-block-column is-layout-flow wp-block-column-is-layout-flow\">\n<figure class=\"wp-block-embed aligncenter is-type-video is-provider-youtube wp-block-embed-youtube wp-embed-aspect-16-9 wp-has-aspect-ratio\"><div class=\"wp-block-embed__wrapper\">\n<iframe loading=\"lazy\" title=\"Corina Bartra with ALJO\" width=\"750\" height=\"422\" src=\"https:\/\/www.youtube.com\/embed\/dCablrUiog8?feature=oembed\" frameborder=\"0\" allow=\"accelerometer; autoplay; clipboard-write; encrypted-media; gyroscope; picture-in-picture\" allowfullscreen><\/iframe>\n<\/div><figcaption>&#8220;No Valentin&#8221;&nbsp;with Chico O&#8217;Farrill Orchestra<\/figcaption><\/figure>\n<\/div>\n<\/div>\n\n\n\n<hr class=\"wp-block-separator has-css-opacity\"\/>\n\n\n\n<h2 class=\"has-text-align-center wp-block-heading\">Quotes &amp; Reviews<\/h2>\n\n\n\n<div class=\"wp-block-group\"><div class=\"wp-block-group__inner-container is-layout-flow wp-block-group-is-layout-flow\"><div class=\"wp-block-image is-style-rounded\">\n<figure class=\"aligncenter size-large\"><img loading=\"lazy\" decoding=\"async\" width=\"300\" height=\"300\" src=\"https:\/\/coribartra.com\/afrojazz\/wp-content\/uploads\/2020\/09\/quotation-300x300-1.jpg\" alt=\"\" class=\"wp-image-67\" srcset=\"https:\/\/coribartra.com\/afrojazz\/wp-content\/uploads\/2020\/09\/quotation-300x300-1.jpg 300w, https:\/\/coribartra.com\/afrojazz\/wp-content\/uploads\/2020\/09\/quotation-300x300-1-150x150.jpg 150w\" sizes=\"auto, (max-width: 300px) 100vw, 300px\" \/><\/figure>\n<\/div><\/div><\/div>\n\n\n\n<blockquote class=\"wp-block-quote has-text-align-center is-layout-flow wp-block-quote-is-layout-flow\"><p>&#8220;To her pioneering mixes of Jazz and Afro Peruvian Rhythms, Corina Bartra, adds sporadicaally, musical incursions impregnated with spirituality and a Cosmopolitan vibe. The most recent is an exploration of mystical traditions of cultures belonging to dicerse continents.&#8221;<\/p><cite>Fidel Gutierrez<br>EL PERUANO. LIMA &#8211; PER\u00da 2015<\/cite><\/blockquote>\n\n\n\n<blockquote class=\"wp-block-quote has-text-align-center is-layout-flow wp-block-quote-is-layout-flow\"><p>Takunde &#8211; There are the famous Bridge over Troubled Waters by Paul Simon and Black Narcissus by Joe Henderson along with traditional Peruvian songs, the leader and El Tamalito that opens the album of Costarican composer Andres Soto. They are good technical performances that, with their Latin rhythms, are in a good mood<\/p><cite>Vittorio Lo Conte<br>MUSIC ZOOM, OCTOBER 2017<\/cite><\/blockquote>\n\n\n\n<blockquote class=\"wp-block-quote has-text-align-center is-layout-flow wp-block-quote-is-layout-flow\"><p>\u201cEs considerada la voz peruana m\u00e1s importante del jazz latino contempor\u00e1neo, pues ha sido nominada a importantes premios internacionales como el Independant Music Award por su canci\u00f3n \u201cEl Dorado\u201d en Manhattan (USA) el 2016 &#8220;<\/p><cite>Carmen Amado<br>NOVIEMBRE 2017 \u2013 HISPANO, NEW JERSEY<\/cite><\/blockquote>\n","protected":false},"excerpt":{"rendered":"<p>For Booking, please contact Corina Bartra (coribart@gmail.com) Corina Bartra is a sophisticated jazz and contemporary world singer from Peru. -Yes, Peru. In the last 100 years jazz has spread to every section of the globe, bringing forth fine Latin jazz musicians from New York, Cuba and Brazil Latest Concerts Music [&hellip;]<\/p>\n","protected":false},"author":2,"featured_media":0,"parent":0,"menu_order":0,"comment_status":"closed","ping_status":"open","template":"","meta":{"footnotes":""},"class_list":["post-2","page","type-page","status-publish","hentry"],"_links":{"self":[{"href":"https:\/\/coribartra.com\/afrojazz\/wp-json\/wp\/v2\/pages\/2","targetHints":{"allow":["GET"]}}],"collection":[{"href":"https:\/\/coribartra.com\/afrojazz\/wp-json\/wp\/v2\/pages"}],"about":[{"href":"https:\/\/coribartra.com\/afrojazz\/wp-json\/wp\/v2\/types\/page"}],"author":[{"embeddable":true,"href":"https:\/\/coribartra.com\/afrojazz\/wp-json\/wp\/v2\/users\/2"}],"replies":[{"embeddable":true,"href":"https:\/\/coribartra.com\/afrojazz\/wp-json\/wp\/v2\/comments?post=2"}],"version-history":[{"count":5,"href":"https:\/\/coribartra.com\/afrojazz\/wp-json\/wp\/v2\/pages\/2\/revisions"}],"predecessor-version":[{"id":245,"href":"https:\/\/coribartra.com\/afrojazz\/wp-json\/wp\/v2\/pages\/2\/revisions\/245"}],"wp:attachment":[{"href":"https:\/\/coribartra.com\/afrojazz\/wp-json\/wp\/v2\/media?parent=2"}],"curies":[{"name":"wp","href":"https:\/\/api.w.org\/{rel}","templated":true}]}}